{"id":45,"date":"2018-10-07T19:10:27","date_gmt":"2018-10-07T19:10:27","guid":{"rendered":"http:\/\/cubist-online.de\/?page_id=45"},"modified":"2025-04-14T08:16:37","modified_gmt":"2025-04-14T08:16:37","slug":"start","status":"publish","type":"page","link":"http:\/\/cubist-online.de\/","title":{"rendered":""},"content":{"rendered":"<div class=\"block-title-with-abbrevation-block\">\n<blockquote>\n<h1 class=\"keyword\"><span style=\"color: #333333; font-size: 1rem;\">Selbst\u00e4ndiger Berater f\u00fcr Lucanet | Experte f\u00fcr Konsolidierung, Planung &amp; Reporting | Business Intelligence (BI)<\/span><span style=\"color: #333333; font-size: 1rem;\">\u00a0<\/span><\/h1>\n<\/blockquote>\n<\/div>\n<div class=\"block-entity-fieldnodefield-long-defintion\">\n<div class=\"field--name-field-long-defintion field--type-text-long field--label-above\">\n<div class=\"field__item\">\n<p class=\"\" data-start=\"460\" data-end=\"778\"><strong data-start=\"460\" data-end=\"483\">Profilbeschreibung:<\/strong><br data-start=\"483\" data-end=\"486\" \/>Als erfahrener Lucanet Berater unterst\u00fctze ich Unternehmen dabei, ihre Finanzprozesse effizient, transparent und zukunftssicher zu gestalten. Mein Schwerpunkt liegt auf der Implementierung, Optimierung und Betreuung von Lucanet-L\u00f6sungen in den Bereichen Konsolidierung, Planung und Reporting.<\/p>\n<p class=\"\" data-start=\"780\" data-end=\"1204\">Mit einem fundierten Hintergrund im Rechnungswesen und Controlling sowie umfassender Projekterfahrung in mittelst\u00e4ndischen und internationalen Unternehmen bringe ich sowohl technisches Know-how als auch ein tiefes Verst\u00e4ndnis f\u00fcr betriebswirtschaftliche Anforderungen mit. Ich arbeite eng mit meinen Kunden zusammen, um ma\u00dfgeschneiderte L\u00f6sungen zu entwickeln, die ihre Reporting- und Planungsprozesse nachhaltig verbessern.<\/p>\n<p class=\"\" data-start=\"1206\" data-end=\"1232\"><strong data-start=\"1206\" data-end=\"1232\">Leistungsschwerpunkte:<\/strong><\/p>\n<ul data-start=\"1233\" data-end=\"1603\">\n<li class=\"\" data-start=\"1233\" data-end=\"1292\">\n<p class=\"\" data-start=\"1235\" data-end=\"1292\">Implementierung und Roll-out von Lucanet Softwarel\u00f6sungen<\/p>\n<\/li>\n<li class=\"\" data-start=\"1293\" data-end=\"1363\">\n<p class=\"\" data-start=\"1295\" data-end=\"1363\">Erstellung und Optimierung von Konsolidierungs- und Planungsmodellen<\/p>\n<\/li>\n<li class=\"\" data-start=\"1364\" data-end=\"1419\">\n<p class=\"\" data-start=\"1366\" data-end=\"1419\">Aufbau von Management-Reportings und Finanzdashboards<\/p>\n<\/li>\n<li class=\"\" data-start=\"1420\" data-end=\"1471\">\n<p class=\"\" data-start=\"1422\" data-end=\"1471\">Schulung und Support f\u00fcr Endanwender und Key-User<\/p>\n<\/li>\n<li class=\"\" data-start=\"1472\" data-end=\"1526\">\n<p class=\"\" data-start=\"1474\" data-end=\"1526\">Datenintegration aus Vorsystemen (z.\u202fB. ERP-Systeme)<\/p>\n<\/li>\n<li class=\"\" data-start=\"1527\" data-end=\"1603\">\n<p class=\"\" data-start=\"1529\" data-end=\"1603\">Projektmanagement und Schnittstellenkommunikation mit IT und Fachbereichen<\/p>\n<\/li>\n<\/ul>\n<p class=\"\" data-start=\"1605\" data-end=\"1703\"><strong data-start=\"1605\" data-end=\"1628\">Branchenkenntnisse:<\/strong><br data-start=\"1628\" data-end=\"1631\" \/>Industrie, Handel, Dienstleistungen, Private Equity, Unternehmensgruppen<\/p>\n<p class=\"\" data-start=\"1705\" data-end=\"2009\"><strong data-start=\"1705\" data-end=\"1723\">Warum Lucanet?<\/strong><br data-start=\"1723\" data-end=\"1726\" \/>Lucanet bietet eine leistungsstarke Plattform f\u00fcr modernes Finanzmanagement. Die intuitive Bedienung, schnelle Implementierung und hohe Transparenz machen es zu einer idealen L\u00f6sung f\u00fcr Unternehmen, die ihre Prozesse im Bereich Finance digitalisieren und professionalisieren m\u00f6chten.<\/p>\n<p class=\"\" data-start=\"2011\" data-end=\"2126\"><strong data-start=\"2011\" data-end=\"2029\">Verf\u00fcgbarkeit:<\/strong><br data-start=\"2029\" data-end=\"2032\" \/>Flexibel \u2013 remote oder vor Ort. Projektweise, als Interims-Support oder langfristiger Partner. Buchen Sie Ihren Termin gleich <a href=\"http:\/\/cubist-online.de\/?page_id=27\">hier<\/a>.<\/p>\n<\/div>\n<\/div>\n<\/div>\n","protected":false},"excerpt":{"rendered":"<p>Selbst\u00e4ndiger Berater f\u00fcr Lucanet | Experte f\u00fcr Konsolidierung, Planung &amp; Reporting | Business Intelligence (BI)\u00a0 Profilbeschreibung:Als erfahrener Lucanet Berater unterst\u00fctze ich Unternehmen dabei, ihre Finanzprozesse effizient, transparent und zukunftssicher zu gestalten. Mein Schwerpunkt liegt auf der Implementierung, Optimierung und Betreuung von Lucanet-L\u00f6sungen in den Bereichen Konsolidierung, Planung und Reporting. Mit einem fundierten Hintergrund im Rechnungswesen &hellip; <\/p>\n<p class=\"link-more\"><a href=\"http:\/\/cubist-online.de\/\" class=\"more-link\"><span class=\"screen-reader-text\">\u201e\u201c<\/span> weiterlesen<\/a><\/p>\n","protected":false},"author":1,"featured_media":0,"parent":0,"menu_order":0,"comment_status":"closed","ping_status":"closed","template":"","meta":{"footnotes":""},"class_list":["post-45","page","type-page","status-publish","hentry"],"_links":{"self":[{"href":"http:\/\/cubist-online.de\/index.php?rest_route=\/wp\/v2\/pages\/45","targetHints":{"allow":["GET"]}}],"collection":[{"href":"http:\/\/cubist-online.de\/index.php?rest_route=\/wp\/v2\/pages"}],"about":[{"href":"http:\/\/cubist-online.de\/index.php?rest_route=\/wp\/v2\/types\/page"}],"author":[{"embeddable":true,"href":"http:\/\/cubist-online.de\/index.php?rest_route=\/wp\/v2\/users\/1"}],"replies":[{"embeddable":true,"href":"http:\/\/cubist-online.de\/index.php?rest_route=%2Fwp%2Fv2%2Fcomments&post=45"}],"version-history":[{"count":16,"href":"http:\/\/cubist-online.de\/index.php?rest_route=\/wp\/v2\/pages\/45\/revisions"}],"predecessor-version":[{"id":241,"href":"http:\/\/cubist-online.de\/index.php?rest_route=\/wp\/v2\/pages\/45\/revisions\/241"}],"wp:attachment":[{"href":"http:\/\/cubist-online.de\/index.php?rest_route=%2Fwp%2Fv2%2Fmedia&parent=45"}],"curies":[{"name":"wp","href":"https:\/\/api.w.org\/{rel}","templated":true}]}}