{"id":73,"date":"2018-10-09T11:27:04","date_gmt":"2018-10-09T11:27:04","guid":{"rendered":"http:\/\/cubist-online.de\/?page_id=73"},"modified":"2024-03-26T11:43:57","modified_gmt":"2024-03-26T11:43:57","slug":"beratung","status":"publish","type":"page","link":"http:\/\/cubist-online.de\/?page_id=73","title":{"rendered":"Beratung &#038; Implementierung"},"content":{"rendered":"\n<h2 class=\"wp-block-heading\">\u00dcber mich<\/h2>\n\n\n\n<p>Experte in den Bereichen LucaNet und Business Intelligence. Meine Kernkompetenzen liegen in der Planung, Durchf\u00fchrung und Optimierung von Kundenprojekten sowie in der strategischen Beratung und Schulung.<br><br>Zus\u00e4tzlich bin ich ein erfahrener Ansprechpartner f\u00fcr inhaltliche und technische Fragen zur Konsolidierung und unterst\u00fctze bei der Finanz- und Liquidit\u00e4tsplanung mit LucaNet. Dar\u00fcber hinaus beherrsche ich das Reporting mit dem LucaNet Excel Add-In und stehe Ihnen gerne bei der konzeptionellen Betreuung sowie bei Anwenderschulungen und Training-on-the-Job zur Verf\u00fcgung.<br><br>Im Bereich Business Intelligence verf\u00fcge ich \u00fcber umfangreiche Kenntnisse in der Planung, Implementierung und Weiterentwicklung von BI-L\u00f6sungen. Mit Expertise in der Cubeware Solutions Platform, Microsoft Power BI und Microsoft SQL Server bin ich in der Lage, Datenmodelle zu entwerfen, ETL-Prozesse durchzuf\u00fchren sowie aussagekr\u00e4ftige Reports und Analysen zu erstellen.<br><br>Meine F\u00e4higkeit zuzuh\u00f6ren und Kundenw\u00fcnsche zu verstehen, gepaart mit meiner Erfahrung in Anwenderschulungen, erm\u00f6glicht es mir, ma\u00dfgeschneiderte L\u00f6sungen anzubieten, die den Bed\u00fcrfnissen meiner Kunden gerecht werden.<br><br>Ich freue mich darauf, mit Ihnen zusammenzuarbeiten und dazu beizutragen, dass Ihre Unternehmensziele erreicht werden.<\/p>\n","protected":false},"excerpt":{"rendered":"<p>\u00dcber mich Experte in den Bereichen LucaNet und Business Intelligence. Meine Kernkompetenzen liegen in der Planung, Durchf\u00fchrung und Optimierung von Kundenprojekten sowie in der strategischen Beratung und Schulung. Zus\u00e4tzlich bin ich ein erfahrener Ansprechpartner f\u00fcr inhaltliche und technische Fragen zur Konsolidierung und unterst\u00fctze bei der Finanz- und Liquidit\u00e4tsplanung mit LucaNet. Dar\u00fcber hinaus beherrsche ich das &hellip; <\/p>\n<p class=\"link-more\"><a href=\"http:\/\/cubist-online.de\/?page_id=73\" class=\"more-link\"><span class=\"screen-reader-text\">\u201eBeratung &#038; Implementierung\u201c<\/span> weiterlesen<\/a><\/p>\n","protected":false},"author":1,"featured_media":0,"parent":0,"menu_order":0,"comment_status":"closed","ping_status":"closed","template":"","meta":{"footnotes":""},"class_list":["post-73","page","type-page","status-publish","hentry"],"_links":{"self":[{"href":"http:\/\/cubist-online.de\/index.php?rest_route=\/wp\/v2\/pages\/73","targetHints":{"allow":["GET"]}}],"collection":[{"href":"http:\/\/cubist-online.de\/index.php?rest_route=\/wp\/v2\/pages"}],"about":[{"href":"http:\/\/cubist-online.de\/index.php?rest_route=\/wp\/v2\/types\/page"}],"author":[{"embeddable":true,"href":"http:\/\/cubist-online.de\/index.php?rest_route=\/wp\/v2\/users\/1"}],"replies":[{"embeddable":true,"href":"http:\/\/cubist-online.de\/index.php?rest_route=%2Fwp%2Fv2%2Fcomments&post=73"}],"version-history":[{"count":6,"href":"http:\/\/cubist-online.de\/index.php?rest_route=\/wp\/v2\/pages\/73\/revisions"}],"predecessor-version":[{"id":203,"href":"http:\/\/cubist-online.de\/index.php?rest_route=\/wp\/v2\/pages\/73\/revisions\/203"}],"wp:attachment":[{"href":"http:\/\/cubist-online.de\/index.php?rest_route=%2Fwp%2Fv2%2Fmedia&parent=73"}],"curies":[{"name":"wp","href":"https:\/\/api.w.org\/{rel}","templated":true}]}}