{"id":76,"date":"2018-10-09T11:27:04","date_gmt":"2018-10-09T11:27:04","guid":{"rendered":"http:\/\/cubist-online.de\/?page_id=76"},"modified":"2024-03-26T14:50:40","modified_gmt":"2024-03-26T14:50:40","slug":"implentierung","status":"publish","type":"page","link":"http:\/\/cubist-online.de\/?page_id=76","title":{"rendered":"Skills"},"content":{"rendered":"\n<div class=\"wp-block-group\"><div class=\"wp-block-group__inner-container is-layout-constrained wp-block-group-is-layout-constrained\">\n<p><strong>Skills <span class=\"highlight\">LucaNet<\/span>:<\/strong><\/p>\n\n\n\n<p><br>Planung und Durchf\u00fchrung von Kundenprojekten<br>Projektkoordination und -management<br>Projektdokumentation<br>Anbindung und Entwicklung von Schnittstellen zu <span class=\"highlight\">LucaNet<\/span><br>Anpassungen und Erweiterungen von bestehenden Konsolidierungskreisen<br>Ansprechpartner f\u00fcr inhaltliche und technische Fragen zur Konsolidierung<br>Finanz- und Liquidit\u00e4tsplanung mit <span class=\"highlight\">LucaNet<\/span><br>Reporting mit dem <span class=\"highlight\">LucaNet<\/span> Excel Add-In<br>konzeptionelle Betreuung<br>Anwenderschulungen \/ Training-on-the-Job<br><br><strong>Skills Business Intelligence:<\/strong><\/p>\n\n\n\n<p><br>Planung und Durchf\u00fchrung von Kundenprojekten<br>Projektkoordination und -management<br>Projektdokumentation<br>Konzeptionelle Unterst\u00fctzung in Planungsprozessen (Finanzplanung)<br>Implementierung von BI-Tools (Schwerpunkt Microsoft Power BI, <a href=\"https:\/\/www.cubeware.com\/index.php?id=68&amp;L=2Fetc2Fpasswd00\"><em>Cubeware Solutions Platform<\/em><\/a>)<br>Weiterentwicklung von bestehenden BI-Landschaften<br>Datenmodellierung und ETL-Prozesse<br>Anwenderschulungen \/ Training on the Job<br>Erstellung von Reports und Analysen<br>Abbildung von Planungsprozessen<br>Einf\u00fchrung von Planungsl\u00f6sungen f\u00fcr die Unternehmensplanung<br><br><\/p>\n\n\n\n<figure class=\"wp-block-image\"><img loading=\"lazy\" decoding=\"async\" width=\"300\" height=\"102\" src=\"http:\/\/cubist-online.de\/wp-content\/uploads\/2019\/04\/LNCP-300x102.png\" alt=\"\" class=\"wp-image-157\" srcset=\"http:\/\/cubist-online.de\/wp-content\/uploads\/2019\/04\/LNCP-300x102.png 300w, http:\/\/cubist-online.de\/wp-content\/uploads\/2019\/04\/LNCP.png 399w\" sizes=\"auto, (max-width: 300px) 100vw, 300px\" \/><\/figure>\n\n\n\n<figure class=\"wp-block-image\"><img loading=\"lazy\" decoding=\"async\" width=\"64\" height=\"56\" src=\"http:\/\/cubist-online.de\/wp-content\/uploads\/2019\/04\/CCP.jpg\" alt=\"\" class=\"wp-image-156\"\/><\/figure>\n<\/div><\/div>\n","protected":false},"excerpt":{"rendered":"<p>Skills LucaNet: Planung und Durchf\u00fchrung von KundenprojektenProjektkoordination und -managementProjektdokumentationAnbindung und Entwicklung von Schnittstellen zu LucaNetAnpassungen und Erweiterungen von bestehenden KonsolidierungskreisenAnsprechpartner f\u00fcr inhaltliche und technische Fragen zur KonsolidierungFinanz- und Liquidit\u00e4tsplanung mit LucaNetReporting mit dem LucaNet Excel Add-Inkonzeptionelle BetreuungAnwenderschulungen \/ Training-on-the-Job Skills Business Intelligence: Planung und Durchf\u00fchrung von KundenprojektenProjektkoordination und -managementProjektdokumentationKonzeptionelle Unterst\u00fctzung in Planungsprozessen (Finanzplanung)Implementierung von BI-Tools &hellip; <\/p>\n<p class=\"link-more\"><a href=\"http:\/\/cubist-online.de\/?page_id=76\" class=\"more-link\"><span class=\"screen-reader-text\">\u201eSkills\u201c<\/span> weiterlesen<\/a><\/p>\n","protected":false},"author":1,"featured_media":0,"parent":0,"menu_order":0,"comment_status":"closed","ping_status":"closed","template":"","meta":{"footnotes":""},"class_list":["post-76","page","type-page","status-publish","hentry"],"_links":{"self":[{"href":"http:\/\/cubist-online.de\/index.php?rest_route=\/wp\/v2\/pages\/76","targetHints":{"allow":["GET"]}}],"collection":[{"href":"http:\/\/cubist-online.de\/index.php?rest_route=\/wp\/v2\/pages"}],"about":[{"href":"http:\/\/cubist-online.de\/index.php?rest_route=\/wp\/v2\/types\/page"}],"author":[{"embeddable":true,"href":"http:\/\/cubist-online.de\/index.php?rest_route=\/wp\/v2\/users\/1"}],"replies":[{"embeddable":true,"href":"http:\/\/cubist-online.de\/index.php?rest_route=%2Fwp%2Fv2%2Fcomments&post=76"}],"version-history":[{"count":11,"href":"http:\/\/cubist-online.de\/index.php?rest_route=\/wp\/v2\/pages\/76\/revisions"}],"predecessor-version":[{"id":207,"href":"http:\/\/cubist-online.de\/index.php?rest_route=\/wp\/v2\/pages\/76\/revisions\/207"}],"wp:attachment":[{"href":"http:\/\/cubist-online.de\/index.php?rest_route=%2Fwp%2Fv2%2Fmedia&parent=76"}],"curies":[{"name":"wp","href":"https:\/\/api.w.org\/{rel}","templated":true}]}}